{"id":146,"date":"2022-01-17T15:13:46","date_gmt":"2022-01-17T15:13:46","guid":{"rendered":"https:\/\/sylvainsilleran.com\/?page_id=146"},"modified":"2024-10-25T14:39:31","modified_gmt":"2024-10-25T14:39:31","slug":"whatever","status":"publish","type":"page","link":"https:\/\/sylvainsilleran.com\/index.php\/whatever\/","title":{"rendered":"Work"},"content":{"rendered":"\n<div class=\"wp-block-columns is-layout-flex wp-container-core-columns-is-layout-9d6595d7 wp-block-columns-is-layout-flex\">\n<div class=\"wp-block-column is-layout-flow wp-block-column-is-layout-flow\" style=\"flex-basis:33.33%\">\n<p><a href=\"https:\/\/sylvainsilleran.com\/index.php\/shika-deers\/\" data-type=\"page\" data-id=\"169\">Shika Deers<\/a><\/p>\n\n\n\n<p><a href=\"https:\/\/sylvainsilleran.com\/index.php\/fusain\/\">Charcoal Soul<\/a><\/p>\n\n\n\n<p><a href=\"https:\/\/sylvainsilleran.com\/index.php\/original-sin\/\" data-type=\"page\" data-id=\"173\">Original Sin<\/a><\/p>\n\n\n\n<p><a href=\"https:\/\/sylvainsilleran.com\/index.php\/alive-and-kicking\/\" data-type=\"page\" data-id=\"171\">Alive &amp; Kicking<\/a><\/p>\n\n\n\n<p><a href=\"https:\/\/sylvainsilleran.com\/index.php\/lithography\/\" data-type=\"page\" data-id=\"725\">Lithography<\/a><\/p>\n\n\n\n<p><a href=\"https:\/\/sylvainsilleran.com\/index.php\/i-wanna-be-your-dog\/\" data-type=\"page\" data-id=\"483\">I wanna be your dog<\/a><\/p>\n\n\n\n<p><a href=\"https:\/\/sylvainsilleran.com\/index.php\/matriochkas\/\" data-type=\"page\" data-id=\"175\">Matriochkas<\/a><\/p>\n<\/div>\n\n\n\n<div class=\"wp-block-column is-layout-flow wp-block-column-is-layout-flow\" style=\"flex-basis:66.66%\">\n<p style=\"font-size:12px\">Tout commence par une chanson, un refrain qui remplit une pi\u00e8ce puis toute la maison. Cette petite po\u00e9sie populaire qui sortait d\u2019un poste de radio pour s\u2019envoler comme un oiseau, elle nous suit, nous accompagne. Nous nous perdons de vue, des ann\u00e9es parfois, et puis elle revient un jour sans crier gare et on se retrouve comme de vieux amis un peu nostalgiques, on se r\u00e9chauffe un peu nos os vieillissants endoloris par les cahots de la vie. Tout redevient comme avant pendant trois minutes trente. Nous revoil\u00e0 \u00e0 \u00e9crire ces quelques vers dans les marges de nos cahiers comme des slogans r\u00e9volutionnaires, pour ne pas les oublier, sans trop savoir pourquoi. Aujourd\u2019hui nous savons. Nous savons que le temps de cette chanson tout devenait possible, nous \u00e9tions libres d\u2019\u00eatre et de devenir.&nbsp;<\/p>\n\n\n\n<p style=\"font-size:12px\">Cette \u00e9nergie punk rock qui refuse de d\u00e9guerpir nous parle des choses essentielles, des uns et des autres, du deuil et de demain. Elle nous rappelle de toujours oser \u00eatre, d\u2019oser aimer, de nous relever comme un boxeur apr\u00e8s chaque coup parce que le match n\u2019est pas encore fini.<\/p>\n\n\n\n<figure class=\"wp-block-image size-full\"><img loading=\"lazy\" decoding=\"async\" width=\"2560\" height=\"2560\" src=\"http:\/\/sylvainsilleran.com\/wp-content\/uploads\/2023\/12\/IMG_20220822_102259_623-scaled.jpg\" alt=\"\" class=\"wp-image-570\" srcset=\"https:\/\/sylvainsilleran.com\/wp-content\/uploads\/2023\/12\/IMG_20220822_102259_623-scaled.jpg 2560w, https:\/\/sylvainsilleran.com\/wp-content\/uploads\/2023\/12\/IMG_20220822_102259_623-300x300.jpg 300w, https:\/\/sylvainsilleran.com\/wp-content\/uploads\/2023\/12\/IMG_20220822_102259_623-1024x1024.jpg 1024w, https:\/\/sylvainsilleran.com\/wp-content\/uploads\/2023\/12\/IMG_20220822_102259_623-150x150.jpg 150w, https:\/\/sylvainsilleran.com\/wp-content\/uploads\/2023\/12\/IMG_20220822_102259_623-768x768.jpg 768w, https:\/\/sylvainsilleran.com\/wp-content\/uploads\/2023\/12\/IMG_20220822_102259_623-1536x1536.jpg 1536w, https:\/\/sylvainsilleran.com\/wp-content\/uploads\/2023\/12\/IMG_20220822_102259_623-2048x2048.jpg 2048w\" sizes=\"auto, (max-width: 2560px) 100vw, 2560px\" \/><\/figure>\n<\/div>\n<\/div>\n","protected":false},"excerpt":{"rendered":"<p>Shika Deers Charcoal Soul Original Sin Alive &amp; Kicking Lithography I wanna be your dog Matriochkas Tout commence par une chanson, un refrain qui remplit une pi\u00e8ce puis toute la maison. Cette petite po\u00e9sie populaire qui sortait d\u2019un poste de radio pour s\u2019envoler comme un oiseau, elle nous suit, nous accompagne. Nous nous perdons de [&hellip;]<\/p>\n","protected":false},"author":1,"featured_media":0,"parent":0,"menu_order":0,"comment_status":"closed","ping_status":"closed","template":"","meta":{"_monsterinsights_skip_tracking":false,"_monsterinsights_sitenote_active":false,"_monsterinsights_sitenote_note":"","_monsterinsights_sitenote_category":0,"footnotes":""},"class_list":["post-146","page","type-page","status-publish","hentry"],"jetpack_sharing_enabled":true,"_links":{"self":[{"href":"https:\/\/sylvainsilleran.com\/index.php\/wp-json\/wp\/v2\/pages\/146","targetHints":{"allow":["GET"]}}],"collection":[{"href":"https:\/\/sylvainsilleran.com\/index.php\/wp-json\/wp\/v2\/pages"}],"about":[{"href":"https:\/\/sylvainsilleran.com\/index.php\/wp-json\/wp\/v2\/types\/page"}],"author":[{"embeddable":true,"href":"https:\/\/sylvainsilleran.com\/index.php\/wp-json\/wp\/v2\/users\/1"}],"replies":[{"embeddable":true,"href":"https:\/\/sylvainsilleran.com\/index.php\/wp-json\/wp\/v2\/comments?post=146"}],"version-history":[{"count":26,"href":"https:\/\/sylvainsilleran.com\/index.php\/wp-json\/wp\/v2\/pages\/146\/revisions"}],"predecessor-version":[{"id":740,"href":"https:\/\/sylvainsilleran.com\/index.php\/wp-json\/wp\/v2\/pages\/146\/revisions\/740"}],"wp:attachment":[{"href":"https:\/\/sylvainsilleran.com\/index.php\/wp-json\/wp\/v2\/media?parent=146"}],"curies":[{"name":"wp","href":"https:\/\/api.w.org\/{rel}","templated":true}]}}