{"id":171,"date":"2022-01-17T23:14:22","date_gmt":"2022-01-17T23:14:22","guid":{"rendered":"https:\/\/sylvainsilleran.com\/?page_id=171"},"modified":"2024-10-25T14:40:43","modified_gmt":"2024-10-25T14:40:43","slug":"alive-and-kicking","status":"publish","type":"page","link":"https:\/\/sylvainsilleran.com\/index.php\/alive-and-kicking\/","title":{"rendered":""},"content":{"rendered":"\n<div class=\"wp-block-columns is-layout-flex wp-container-core-columns-is-layout-9d6595d7 wp-block-columns-is-layout-flex\">\n<div class=\"wp-block-column is-layout-flow wp-block-column-is-layout-flow\" style=\"flex-basis:33.33%\">\n<h4 class=\"wp-block-heading\" id=\"work\">Work<\/h4>\n\n\n\n<p><a href=\"https:\/\/sylvainsilleran.com\/index.php\/shika-deers\/\" data-type=\"page\" data-id=\"169\">Shika Deers<\/a><\/p>\n\n\n\n<p><a href=\"https:\/\/sylvainsilleran.com\/index.php\/fusain\/\">Charcoal Soul<\/a><\/p>\n\n\n\n<p><a href=\"https:\/\/sylvainsilleran.com\/index.php\/original-sin\/\" data-type=\"page\" data-id=\"173\">Original Sin<\/a><\/p>\n\n\n\n<p><a href=\"https:\/\/sylvainsilleran.com\/index.php\/alive-and-kicking\/\" data-type=\"page\" data-id=\"171\">Alive &amp; Kicking<\/a><\/p>\n\n\n\n<p><a href=\"https:\/\/sylvainsilleran.com\/index.php\/lithography\/\" data-type=\"page\" data-id=\"725\">Lithography<\/a><\/p>\n\n\n\n<p><a href=\"https:\/\/sylvainsilleran.com\/index.php\/i-wanna-be-your-dog\/\" data-type=\"page\" data-id=\"483\">I wanna be your dog<\/a><\/p>\n\n\n\n<p><a href=\"https:\/\/sylvainsilleran.com\/index.php\/matriochkas\/\" data-type=\"page\" data-id=\"175\">Matriochkas<\/a><\/p>\n<\/div>\n\n\n\n<div class=\"wp-block-column is-layout-flow wp-block-column-is-layout-flow\" style=\"flex-basis:66.66%\">\n<h2 class=\"wp-block-heading\" id=\"alive-kicking\">Alive &amp; Kicking<\/h2>\n\n\n\n<figure class=\"wp-block-image size-large\"><img loading=\"lazy\" decoding=\"async\" width=\"759\" height=\"1024\" src=\"http:\/\/sylvainsilleran.com\/wp-content\/uploads\/2022\/01\/AK-visuel01_lo-759x1024.jpg\" alt=\"\" class=\"wp-image-322\" srcset=\"https:\/\/sylvainsilleran.com\/wp-content\/uploads\/2022\/01\/AK-visuel01_lo-759x1024.jpg 759w, https:\/\/sylvainsilleran.com\/wp-content\/uploads\/2022\/01\/AK-visuel01_lo-222x300.jpg 222w, https:\/\/sylvainsilleran.com\/wp-content\/uploads\/2022\/01\/AK-visuel01_lo-768x1036.jpg 768w, https:\/\/sylvainsilleran.com\/wp-content\/uploads\/2022\/01\/AK-visuel01_lo-111x150.jpg 111w, https:\/\/sylvainsilleran.com\/wp-content\/uploads\/2022\/01\/AK-visuel01_lo.jpg 1000w\" sizes=\"auto, (max-width: 759px) 100vw, 759px\" \/><\/figure>\n\n\n\n<p style=\"font-size:12px\"><strong>kiss kiss woof woof &#8211; love me like a dog<\/strong><br>2020 \/ mixed media on paper 29,7 x 40cm<br>&#8211;<\/p>\n\n\n\n<figure class=\"wp-block-image size-large\"><img loading=\"lazy\" decoding=\"async\" width=\"759\" height=\"1024\" src=\"http:\/\/sylvainsilleran.com\/wp-content\/uploads\/2022\/01\/AK-visuel02_lo-759x1024.jpg\" alt=\"\" class=\"wp-image-323\" srcset=\"https:\/\/sylvainsilleran.com\/wp-content\/uploads\/2022\/01\/AK-visuel02_lo-759x1024.jpg 759w, https:\/\/sylvainsilleran.com\/wp-content\/uploads\/2022\/01\/AK-visuel02_lo-222x300.jpg 222w, https:\/\/sylvainsilleran.com\/wp-content\/uploads\/2022\/01\/AK-visuel02_lo-768x1036.jpg 768w, https:\/\/sylvainsilleran.com\/wp-content\/uploads\/2022\/01\/AK-visuel02_lo-111x150.jpg 111w, https:\/\/sylvainsilleran.com\/wp-content\/uploads\/2022\/01\/AK-visuel02_lo.jpg 1000w\" sizes=\"auto, (max-width: 759px) 100vw, 759px\" \/><\/figure>\n\n\n\n<p style=\"font-size:12px\"><strong>A midsummer night&#8217;s dream<\/strong><br>2020 \/ mixed media on paper 29,7 x 40cm<br>&#8211;<\/p>\n\n\n\n<figure class=\"wp-block-image size-large\"><img loading=\"lazy\" decoding=\"async\" width=\"773\" height=\"1024\" src=\"http:\/\/sylvainsilleran.com\/wp-content\/uploads\/2022\/01\/AK-visuel09_lo-773x1024.jpg\" alt=\"\" class=\"wp-image-329\" srcset=\"https:\/\/sylvainsilleran.com\/wp-content\/uploads\/2022\/01\/AK-visuel09_lo-773x1024.jpg 773w, https:\/\/sylvainsilleran.com\/wp-content\/uploads\/2022\/01\/AK-visuel09_lo-227x300.jpg 227w, https:\/\/sylvainsilleran.com\/wp-content\/uploads\/2022\/01\/AK-visuel09_lo-768x1017.jpg 768w, https:\/\/sylvainsilleran.com\/wp-content\/uploads\/2022\/01\/AK-visuel09_lo-113x150.jpg 113w, https:\/\/sylvainsilleran.com\/wp-content\/uploads\/2022\/01\/AK-visuel09_lo.jpg 1000w\" sizes=\"auto, (max-width: 773px) 100vw, 773px\" \/><\/figure>\n\n\n\n<p style=\"font-size:12px\"><strong>Ech o e  s  of who? Ech o e  s  of you.<br><\/strong>2020 \/ mixed media on paper 29,7 x 40cm<br>&#8211;<\/p>\n\n\n\n<figure class=\"wp-block-image size-large\"><img loading=\"lazy\" decoding=\"async\" width=\"759\" height=\"1024\" src=\"http:\/\/sylvainsilleran.com\/wp-content\/uploads\/2022\/01\/AK-visuel06_lo-759x1024.jpg\" alt=\"\" class=\"wp-image-327\" srcset=\"https:\/\/sylvainsilleran.com\/wp-content\/uploads\/2022\/01\/AK-visuel06_lo-759x1024.jpg 759w, https:\/\/sylvainsilleran.com\/wp-content\/uploads\/2022\/01\/AK-visuel06_lo-222x300.jpg 222w, https:\/\/sylvainsilleran.com\/wp-content\/uploads\/2022\/01\/AK-visuel06_lo-768x1036.jpg 768w, https:\/\/sylvainsilleran.com\/wp-content\/uploads\/2022\/01\/AK-visuel06_lo-111x150.jpg 111w, https:\/\/sylvainsilleran.com\/wp-content\/uploads\/2022\/01\/AK-visuel06_lo.jpg 1000w\" sizes=\"auto, (max-width: 759px) 100vw, 759px\" \/><\/figure>\n\n\n\n<p style=\"font-size:12px\"><strong>I am a rabbit &#8211; stop watching stupid TV shows.<\/strong><br>2020 \/ mixed media on paper 29,7 x 40cm<br>&#8211;<\/p>\n\n\n\n<figure class=\"wp-block-image size-large\"><img loading=\"lazy\" decoding=\"async\" width=\"759\" height=\"1024\" src=\"http:\/\/sylvainsilleran.com\/wp-content\/uploads\/2022\/01\/AK-visuel05_lo-759x1024.jpg\" alt=\"\" class=\"wp-image-326\" srcset=\"https:\/\/sylvainsilleran.com\/wp-content\/uploads\/2022\/01\/AK-visuel05_lo-759x1024.jpg 759w, https:\/\/sylvainsilleran.com\/wp-content\/uploads\/2022\/01\/AK-visuel05_lo-222x300.jpg 222w, https:\/\/sylvainsilleran.com\/wp-content\/uploads\/2022\/01\/AK-visuel05_lo-768x1036.jpg 768w, https:\/\/sylvainsilleran.com\/wp-content\/uploads\/2022\/01\/AK-visuel05_lo-111x150.jpg 111w, https:\/\/sylvainsilleran.com\/wp-content\/uploads\/2022\/01\/AK-visuel05_lo.jpg 1000w\" sizes=\"auto, (max-width: 759px) 100vw, 759px\" \/><\/figure>\n\n\n\n<p style=\"font-size:12px\"><strong>Freedom is a salad.<br><\/strong>2020 \/ mixed media on paper 29,7 x 40cm<br>&#8211;<\/p>\n\n\n\n<figure class=\"wp-block-image size-large\"><img loading=\"lazy\" decoding=\"async\" width=\"759\" height=\"1024\" src=\"http:\/\/sylvainsilleran.com\/wp-content\/uploads\/2022\/01\/AK-visuel08_lo-759x1024.jpg\" alt=\"\" class=\"wp-image-328\" srcset=\"https:\/\/sylvainsilleran.com\/wp-content\/uploads\/2022\/01\/AK-visuel08_lo-759x1024.jpg 759w, https:\/\/sylvainsilleran.com\/wp-content\/uploads\/2022\/01\/AK-visuel08_lo-222x300.jpg 222w, https:\/\/sylvainsilleran.com\/wp-content\/uploads\/2022\/01\/AK-visuel08_lo-768x1036.jpg 768w, https:\/\/sylvainsilleran.com\/wp-content\/uploads\/2022\/01\/AK-visuel08_lo-111x150.jpg 111w, https:\/\/sylvainsilleran.com\/wp-content\/uploads\/2022\/01\/AK-visuel08_lo.jpg 1000w\" sizes=\"auto, (max-width: 759px) 100vw, 759px\" \/><\/figure>\n\n\n\n<p style=\"font-size:12px\"><strong>Romeo and Juliet in Asakusa.<\/strong><br>2020 \/ mixed media on paper 29,7 x 40cm<br>&#8211;<\/p>\n\n\n\n<figure class=\"wp-block-image size-large\"><img loading=\"lazy\" decoding=\"async\" width=\"759\" height=\"1024\" src=\"http:\/\/sylvainsilleran.com\/wp-content\/uploads\/2022\/01\/AK-visuel10_lo-759x1024.jpg\" alt=\"\" class=\"wp-image-330\" srcset=\"https:\/\/sylvainsilleran.com\/wp-content\/uploads\/2022\/01\/AK-visuel10_lo-759x1024.jpg 759w, https:\/\/sylvainsilleran.com\/wp-content\/uploads\/2022\/01\/AK-visuel10_lo-222x300.jpg 222w, https:\/\/sylvainsilleran.com\/wp-content\/uploads\/2022\/01\/AK-visuel10_lo-768x1036.jpg 768w, https:\/\/sylvainsilleran.com\/wp-content\/uploads\/2022\/01\/AK-visuel10_lo-111x150.jpg 111w, https:\/\/sylvainsilleran.com\/wp-content\/uploads\/2022\/01\/AK-visuel10_lo.jpg 1000w\" sizes=\"auto, (max-width: 759px) 100vw, 759px\" \/><\/figure>\n\n\n\n<p style=\"font-size:12px\"><strong>A kiss in the ocean.<\/strong><br>2020 \/ mixed media on paper 29,7 x 40cm<br>&#8211;<\/p>\n\n\n\n<hr class=\"wp-block-separator has-css-opacity\"\/>\n\n\n\n<p id=\"alive-and-kicking-exposition-de-sylvain-silleran\" style=\"font-size:18px\"><strong>Alive and Kicking<\/strong><\/p>\n\n\n\n<p class=\"has-small-font-size\" id=\"alive-and-kicking-exposition-de-sylvain-silleran\"><strong>exposition de Sylvain SILLERAN<\/strong><\/p>\n\n\n\n<p class=\"has-small-font-size\">Samedi 26 Septembre, je me suis rendue chez Sylvain Silleran.&nbsp;<br>Au sortir du tunnel confinement son appartement s\u2019est rempli de grandes peintures de daims de Nara.&nbsp;Des douceurs aux yeux de miel peints sur du kraft brut, un mur rempli de peintures disparates, des piles de papiers et rouleaux peints sauvagement.<\/p>\n\n\n\n<p class=\"has-small-font-size\">Sylvain c\u2019est la passion.&nbsp;Autant mutique, qu\u2019enflamm\u00e9, il est tout \u00e0 la fois&nbsp;:&nbsp; graphiste, peintre, architecte, juif et chamane, chroniqueur autodidacte, touche \u00e0 tout.<\/p>\n\n\n\n<p class=\"has-small-font-size\">Sylvain ( Zhalman), Samuel Silleran( Silberman) du nom de ses deux grands p\u00e8res est n\u00e9 le 8 Mars 1971 \u00e0 Boulogne Billancourt, de m\u00e8re Allemande et p\u00e8re Roumain.&nbsp;Il passe un Bac scientifique, fait des \u00e9tudes d\u2019Architecture, qui le m\u00e8nent \u00e0 une pratique de graphiste sur le tas autant que travailleur humanitaire. Il voyage partout, Asie&nbsp;: Chine, N\u00e9pal, Laos, Tha\u00eflande, Japon.&nbsp;Se dit autodidacte tous terrains.&nbsp;<\/p>\n\n\n\n<p class=\"has-small-font-size\">Je le vois comme aventurier de la vie.<br><strong>\u00ab&nbsp;J\u2019ai toujours voulu peindre. Il y avait chez moi des Paris Match o\u00f9 je voyais Picasso dans son atelier. Mes parents m\u2019ont inscrit \u00e0 un cours de peinture. A l\u2019huile, je tartinai sec.&nbsp;\u00bb<\/strong><br>Ses premiers cours lui ont fait d\u00e9tester le fusain&nbsp;:&nbsp; puni pour mauvais dessins.&nbsp;<br><strong>\u00ab&nbsp;Quand j\u2019\u00e9tais enfant je n\u2019arrivai pas \u00e0 colorier dans les cases. J\u2019\u00e9tais d\u00e9j\u00e0 insubordonn\u00e9 et maintenant, j\u2019assume.&nbsp;Ma culture dans les ann\u00e9es 80 c\u2019\u00e9tait Basquiat, Keith Haring, Warhol, la pop culture.<\/strong> <strong>J\u2019ai commenc\u00e9 \u00e0 faire des matriochkas, des minotaures version cruaut\u00e9 mignonne<\/strong>. <strong>\u00bb<\/strong><br>Son style \u00e9tait graphique, les formes simples et stylis\u00e9es teintes en aplats de couleur.<\/p>\n\n\n\n<p class=\"has-small-font-size\"><strong>\u00ab&nbsp;Alive and Kicking&nbsp;\u00bb (En vie et donnant des coups de pieds) c\u2019est le titre d\u2019une chanson du groupe Ecossais SIMPLE MINDS que j\u2019\u00e9coutais \u00e0 15 ans.<\/strong> <strong>Je n\u2019envisage pas de peindre sans \u00e9couter de la musique \u00ab Marquel Moon&nbsp;\u00bb de TELEVISION. J\u2019aime aussi le gros rock qui tache&nbsp;\u00bb<\/strong><br>Berc\u00e9 de bandes dessin\u00e9es, de jeux vid\u00e9o, de culture populaire et Streets Art il a quelque chose de la rage adolescente et du punk.<br>Tuer le p\u00e8re&nbsp;!<br>Le rouge carmin ou sang de b\u0153uf qu\u2019il utilise en aquarelle tr\u00e8s dilu\u00e9e&nbsp;<\/p>\n\n\n\n<p class=\"has-small-font-size\"><strong>\u00ab&nbsp;c\u2019est le sang, c\u2019est<\/strong> <strong>ce qui rend la chair vivante<\/strong>.<br><strong>A partir d\u2019un travail r\u00e9alis\u00e9 dans un atelier de mod\u00e8le vivant, je tente d\u2019entrer en relation avec le sujet.&nbsp;Mon improvisation guid\u00e9e par la musique que j\u2019\u00e9coute est al\u00e9atoire, le crayon trace de lui-m\u00eame, le pinceau, il y va tout seul. J\u2019essaye de sentir plus que d\u2019observer. Je veux dans cette exploration \u00e0 l\u2019instinct \u00eatre en lien avec mes souvenirs, mes voyages.&nbsp;Je veux parler du monde invisible, des douleurs qui nous habitent. J\u2019essaye de regarder les choses que l\u2019on ne voit pas avec les yeux.&nbsp;\u00bb&nbsp;<\/strong><\/p>\n\n\n\n<p class=\"has-small-font-size\"><strong>\u00ab&nbsp;Qu\u2019est-ce que c\u2019est que de mourir, d\u2019\u00eatre en vie, d\u2019\u00eatre reli\u00e9 \u00e0 son animalit\u00e9.&nbsp;\u00bb<\/strong><\/p>\n\n\n\n<p class=\"has-small-font-size\"><strong>\u00ab&nbsp;J\u2019ai des piles de dessins d\u2019apr\u00e8s mod\u00e8le, c\u2019est ma mati\u00e8re premi\u00e8re. L\u2019aquarelle, les feutres, les crayons de couleur, les tampons, les vieux dos d\u2019enveloppe, les tickets de caisse, le fluo et le Bic \u00ab&nbsp;l\u2019anti noblesse&nbsp;\u00bb vont recouvrir, transformer la peinture originale.<\/strong> <strong>\u00bb<\/strong><\/p>\n\n\n\n<p class=\"has-small-font-size\">Chaque peinture est faite de collages, d\u2019inserts et de greffes., un vrai champ de mines.<br><strong>\u00ab&nbsp;On colle plein de choses ensemble en une collision de mondes diff\u00e9rents, un t\u00e9lescopage.<\/strong> <strong>\u00bb<\/strong> C\u2019est un univers issu de l\u2019enfance fait d\u2019un patchwork n\u00e9 de la bricole, Art brut, brutal. Je vois chaque peinture comme talisman, carnet de voyage, journal. <strong>\u00ab D\u00e9sapprendre le joli dessin, faut que \u00e7a d\u00e9borde, que \u00e7a gicle&nbsp;\u00bb<\/strong><\/p>\n\n\n\n<p class=\"has-small-font-size\">\u00ab&nbsp;Faut que \u00e7a saigne&nbsp;\u00bb&nbsp;disait Boris&nbsp;<\/p>\n\n\n\n<p class=\"has-small-font-size\">Samedi 26 Septembre, fin de matin\u00e9e, je quitte la rue \u00c9tex. Il pleut, mes mains sont rouges. Un peu de cette rage m\u2019accompagne, joie, pleurs, blessures, tout \u00e0 la fois.<\/p>\n\n\n\n<p class=\"has-small-font-size\">\u00ab&nbsp;Alive and Kicking&nbsp;\u00bb<br>Je pense \u00e0 Artaud, \u00e0 Van Gogh, \u00e0 Basquiat.&nbsp;<br>J\u2019entends le cri des indiens dans l\u2019escalier.&nbsp;<\/p>\n\n\n\n<p class=\"has-small-font-size\">Quelques plumes pars\u00e8ment les marches.&nbsp;<\/p>\n\n\n\n<p class=\"has-small-font-size\">Un ange passe<\/p>\n\n\n\n<p class=\"has-text-align-right has-small-font-size\">Myriam BOCCARA<\/p>\n<\/div>\n<\/div>\n\n\n\n<p><\/p>\n","protected":false},"excerpt":{"rendered":"<p>Work Shika Deers Charcoal Soul Original Sin Alive &amp; Kicking Lithography I wanna be your dog Matriochkas Alive &amp; Kicking kiss kiss woof woof &#8211; love me like a dog2020 \/ mixed media on paper 29,7 x 40cm&#8211; A midsummer night&#8217;s dream2020 \/ mixed media on paper 29,7 x 40cm&#8211; Ech o e s of [&hellip;]<\/p>\n","protected":false},"author":1,"featured_media":0,"parent":0,"menu_order":0,"comment_status":"closed","ping_status":"closed","template":"","meta":{"_monsterinsights_skip_tracking":false,"_monsterinsights_sitenote_active":false,"_monsterinsights_sitenote_note":"","_monsterinsights_sitenote_category":0,"footnotes":""},"class_list":["post-171","page","type-page","status-publish","hentry"],"jetpack_sharing_enabled":true,"_links":{"self":[{"href":"https:\/\/sylvainsilleran.com\/index.php\/wp-json\/wp\/v2\/pages\/171","targetHints":{"allow":["GET"]}}],"collection":[{"href":"https:\/\/sylvainsilleran.com\/index.php\/wp-json\/wp\/v2\/pages"}],"about":[{"href":"https:\/\/sylvainsilleran.com\/index.php\/wp-json\/wp\/v2\/types\/page"}],"author":[{"embeddable":true,"href":"https:\/\/sylvainsilleran.com\/index.php\/wp-json\/wp\/v2\/users\/1"}],"replies":[{"embeddable":true,"href":"https:\/\/sylvainsilleran.com\/index.php\/wp-json\/wp\/v2\/comments?post=171"}],"version-history":[{"count":58,"href":"https:\/\/sylvainsilleran.com\/index.php\/wp-json\/wp\/v2\/pages\/171\/revisions"}],"predecessor-version":[{"id":744,"href":"https:\/\/sylvainsilleran.com\/index.php\/wp-json\/wp\/v2\/pages\/171\/revisions\/744"}],"wp:attachment":[{"href":"https:\/\/sylvainsilleran.com\/index.php\/wp-json\/wp\/v2\/media?parent=171"}],"curies":[{"name":"wp","href":"https:\/\/api.w.org\/{rel}","templated":true}]}}