{"id":173,"date":"2022-01-17T23:14:45","date_gmt":"2022-01-17T23:14:45","guid":{"rendered":"https:\/\/sylvainsilleran.com\/?page_id=173"},"modified":"2024-10-25T14:40:56","modified_gmt":"2024-10-25T14:40:56","slug":"original-sin","status":"publish","type":"page","link":"https:\/\/sylvainsilleran.com\/index.php\/original-sin\/","title":{"rendered":""},"content":{"rendered":"\n<div class=\"wp-block-columns is-layout-flex wp-container-core-columns-is-layout-9d6595d7 wp-block-columns-is-layout-flex\">\n<div class=\"wp-block-column is-layout-flow wp-block-column-is-layout-flow\" style=\"flex-basis:33.33%\">\n<h4 class=\"wp-block-heading\" id=\"work\">Work<\/h4>\n\n\n\n<p><a href=\"https:\/\/sylvainsilleran.com\/index.php\/shika-deers\/\" data-type=\"page\" data-id=\"169\">Shika Deers<\/a><\/p>\n\n\n\n<p><a href=\"https:\/\/sylvainsilleran.com\/index.php\/fusain\/\">Charcoal Soul<\/a><\/p>\n\n\n\n<p><a href=\"https:\/\/sylvainsilleran.com\/index.php\/original-sin\/\" data-type=\"page\" data-id=\"173\">Original Sin<\/a><\/p>\n\n\n\n<p><a href=\"https:\/\/sylvainsilleran.com\/index.php\/alive-and-kicking\/\" data-type=\"page\" data-id=\"171\">Alive &amp; Kicking<\/a><\/p>\n\n\n\n<p><a href=\"https:\/\/sylvainsilleran.com\/index.php\/lithography\/\" data-type=\"page\" data-id=\"725\">Lithography<\/a><\/p>\n\n\n\n<p><a href=\"https:\/\/sylvainsilleran.com\/index.php\/i-wanna-be-your-dog\/\" data-type=\"page\" data-id=\"483\">I wanna be your dog<\/a><\/p>\n\n\n\n<p><a href=\"https:\/\/sylvainsilleran.com\/index.php\/matriochkas\/\" data-type=\"page\" data-id=\"175\">Matriochkas<\/a><\/p>\n<\/div>\n\n\n\n<div class=\"wp-block-column is-layout-flow wp-block-column-is-layout-flow\" style=\"flex-basis:66.66%\">\n<h2 class=\"wp-block-heading\" id=\"original-sin\">Original Sin<\/h2>\n\n\n\n<figure class=\"wp-block-image size-full\"><img loading=\"lazy\" decoding=\"async\" width=\"534\" height=\"720\" src=\"http:\/\/sylvainsilleran.com\/wp-content\/uploads\/2022\/01\/scanABA2019_81_720p.jpg\" alt=\"\" class=\"wp-image-319\" srcset=\"https:\/\/sylvainsilleran.com\/wp-content\/uploads\/2022\/01\/scanABA2019_81_720p.jpg 534w, https:\/\/sylvainsilleran.com\/wp-content\/uploads\/2022\/01\/scanABA2019_81_720p-223x300.jpg 223w, https:\/\/sylvainsilleran.com\/wp-content\/uploads\/2022\/01\/scanABA2019_81_720p-111x150.jpg 111w\" sizes=\"auto, (max-width: 534px) 100vw, 534px\" \/><\/figure>\n\n\n\n<p style=\"font-size:12px\">watercolor on paper 29,7 x 42cm<br>&#8211;<br><\/p>\n\n\n\n<figure class=\"wp-block-image size-full\"><img loading=\"lazy\" decoding=\"async\" width=\"534\" height=\"720\" src=\"http:\/\/sylvainsilleran.com\/wp-content\/uploads\/2022\/01\/scanABA2019_73_720p.jpg\" alt=\"\" class=\"wp-image-315\" srcset=\"https:\/\/sylvainsilleran.com\/wp-content\/uploads\/2022\/01\/scanABA2019_73_720p.jpg 534w, https:\/\/sylvainsilleran.com\/wp-content\/uploads\/2022\/01\/scanABA2019_73_720p-223x300.jpg 223w, https:\/\/sylvainsilleran.com\/wp-content\/uploads\/2022\/01\/scanABA2019_73_720p-111x150.jpg 111w\" sizes=\"auto, (max-width: 534px) 100vw, 534px\" \/><\/figure>\n\n\n\n<p style=\"font-size:12px\">watercolor on paper 29,7 x 42cm<br>&#8211;<br><\/p>\n\n\n\n<figure class=\"wp-block-image size-full\"><img loading=\"lazy\" decoding=\"async\" width=\"527\" height=\"720\" src=\"http:\/\/sylvainsilleran.com\/wp-content\/uploads\/2022\/01\/scanABA2019_11_720p.jpg\" alt=\"\" class=\"wp-image-313\" srcset=\"https:\/\/sylvainsilleran.com\/wp-content\/uploads\/2022\/01\/scanABA2019_11_720p.jpg 527w, https:\/\/sylvainsilleran.com\/wp-content\/uploads\/2022\/01\/scanABA2019_11_720p-220x300.jpg 220w, https:\/\/sylvainsilleran.com\/wp-content\/uploads\/2022\/01\/scanABA2019_11_720p-110x150.jpg 110w\" sizes=\"auto, (max-width: 527px) 100vw, 527px\" \/><\/figure>\n\n\n\n<p style=\"font-size:12px\">watercolor on paper 29,7 x 42cm<br>&#8211;<br><\/p>\n\n\n\n<figure class=\"wp-block-image size-full\"><img loading=\"lazy\" decoding=\"async\" width=\"534\" height=\"720\" src=\"http:\/\/sylvainsilleran.com\/wp-content\/uploads\/2022\/01\/scanABA2019_78_720p.jpg\" alt=\"\" class=\"wp-image-318\" srcset=\"https:\/\/sylvainsilleran.com\/wp-content\/uploads\/2022\/01\/scanABA2019_78_720p.jpg 534w, https:\/\/sylvainsilleran.com\/wp-content\/uploads\/2022\/01\/scanABA2019_78_720p-223x300.jpg 223w, https:\/\/sylvainsilleran.com\/wp-content\/uploads\/2022\/01\/scanABA2019_78_720p-111x150.jpg 111w\" sizes=\"auto, (max-width: 534px) 100vw, 534px\" \/><\/figure>\n\n\n\n<p style=\"font-size:12px\">watercolor on paper 29,7 x 42cm<br>&#8211;<br><\/p>\n\n\n\n<figure class=\"wp-block-image size-full\"><img loading=\"lazy\" decoding=\"async\" width=\"534\" height=\"720\" src=\"http:\/\/sylvainsilleran.com\/wp-content\/uploads\/2022\/01\/scanABA2019_76_720p.jpg\" alt=\"\" class=\"wp-image-317\" srcset=\"https:\/\/sylvainsilleran.com\/wp-content\/uploads\/2022\/01\/scanABA2019_76_720p.jpg 534w, https:\/\/sylvainsilleran.com\/wp-content\/uploads\/2022\/01\/scanABA2019_76_720p-223x300.jpg 223w, https:\/\/sylvainsilleran.com\/wp-content\/uploads\/2022\/01\/scanABA2019_76_720p-111x150.jpg 111w\" sizes=\"auto, (max-width: 534px) 100vw, 534px\" \/><\/figure>\n\n\n\n<p style=\"font-size:12px\">watercolor on paper 29,7 x 42cm<br>&#8211;<br><\/p>\n\n\n\n<figure class=\"wp-block-image size-full\"><img loading=\"lazy\" decoding=\"async\" width=\"534\" height=\"720\" src=\"http:\/\/sylvainsilleran.com\/wp-content\/uploads\/2022\/01\/scanABA2019_87_720p.jpg\" alt=\"\" class=\"wp-image-321\" srcset=\"https:\/\/sylvainsilleran.com\/wp-content\/uploads\/2022\/01\/scanABA2019_87_720p.jpg 534w, https:\/\/sylvainsilleran.com\/wp-content\/uploads\/2022\/01\/scanABA2019_87_720p-223x300.jpg 223w, https:\/\/sylvainsilleran.com\/wp-content\/uploads\/2022\/01\/scanABA2019_87_720p-111x150.jpg 111w\" sizes=\"auto, (max-width: 534px) 100vw, 534px\" \/><\/figure>\n\n\n\n<p style=\"font-size:12px\">watercolor on paper 29,7 x 42cm<br>&#8211;<br><\/p>\n\n\n\n<figure class=\"wp-block-image size-full\"><img loading=\"lazy\" decoding=\"async\" width=\"527\" height=\"720\" src=\"http:\/\/sylvainsilleran.com\/wp-content\/uploads\/2022\/01\/scanABA2019_62_720p.jpg\" alt=\"\" class=\"wp-image-314\" srcset=\"https:\/\/sylvainsilleran.com\/wp-content\/uploads\/2022\/01\/scanABA2019_62_720p.jpg 527w, https:\/\/sylvainsilleran.com\/wp-content\/uploads\/2022\/01\/scanABA2019_62_720p-220x300.jpg 220w, https:\/\/sylvainsilleran.com\/wp-content\/uploads\/2022\/01\/scanABA2019_62_720p-110x150.jpg 110w\" sizes=\"auto, (max-width: 527px) 100vw, 527px\" \/><\/figure>\n\n\n\n<p style=\"font-size:12px\">watercolor on paper 29,7 x 42cm<br>&#8211;<br><\/p>\n\n\n\n<figure class=\"wp-block-image size-full\"><img loading=\"lazy\" decoding=\"async\" width=\"527\" height=\"720\" src=\"http:\/\/sylvainsilleran.com\/wp-content\/uploads\/2022\/01\/scanABA2019_10_720p.jpg\" alt=\"\" class=\"wp-image-312\" srcset=\"https:\/\/sylvainsilleran.com\/wp-content\/uploads\/2022\/01\/scanABA2019_10_720p.jpg 527w, https:\/\/sylvainsilleran.com\/wp-content\/uploads\/2022\/01\/scanABA2019_10_720p-220x300.jpg 220w, https:\/\/sylvainsilleran.com\/wp-content\/uploads\/2022\/01\/scanABA2019_10_720p-110x150.jpg 110w\" sizes=\"auto, (max-width: 527px) 100vw, 527px\" \/><\/figure>\n\n\n\n<p style=\"font-size:12px\">watercolor on paper 29,7 x 42cm<br>&#8211;<br><\/p>\n\n\n\n<p style=\"font-size:12px\">Le corps que le mod\u00e8le offre, la pose fi\u00e8re et vuln\u00e9rable, ouvre un champ de narration. Corps-paysage, champ de bataille ou pays familier, il s\u2019en passe des choses sur ces collines lumineuses, au creux de ces vall\u00e9es obscures. Moi qui me croyais dominer la situation, le pinceau solidement en pogne, me voil\u00e0 sujet d\u2019un souverain inattendu. C\u2019est lui qui, du haut de sa sellette domine l\u2019atelier, le tient en haleine comme Sh\u00e9h\u00e9razade captive son roi, lui tend le miroir de sa nudit\u00e9 afin qu\u2019on y contemple avec admiration et effroi la profondeur de nos \u00e2mes.<\/p>\n\n\n\n<p style=\"font-size:12px\">Que restera t-il de nos vies? Nous quittons ce monde comme nous y sommes venus, nus, sales et innocents. Alors l\u2019important, le pr\u00e9cieux, le sublime doit bien \u00eatre l\u00e0, sur ce corps. L\u2019homme nu qui pose en silence nous dit tout cela, il nous dit l\u2019humanit\u00e9, nos p\u00e8res et nos m\u00e8res et leurs p\u00e8res et leurs m\u00e8res avant eux, jusqu\u2019au fond inimaginable des temps.&nbsp;<\/p>\n\n\n\n<p style=\"font-size:12px\">L\u2019encre rappelle la fragile condition humaine, s\u00e9cr\u00e9tions malpropres, obsc\u00e8nes d\u2019un corps souffrant et vieillissant. Mais le sang est la vie, le battement du c\u0153ur, le d\u00e9sir, la transmission du p\u00e8re au fils, de la m\u00e8re \u00e0 l\u2019enfant. A cette couleur de base, fondation charnelle de ce travail, j\u2019ai ajout\u00e9 une deuxi\u00e8me couleur, puis une troisi\u00e8me. Les rouges, violets, indigos, bruns sont mon technicolor, ils transforment le portrait en une sc\u00e8ne \u00e9pique, h\u00e9ro\u00efque. Car il nous faut raconter encore et encore l\u2019Odyss\u00e9e d\u2019Ulysse, les amours de Rom\u00e9o et Juliette, l\u2019enfer de Dante, le triste destin de Garance, le combat de Rocky. La lumi\u00e8re, le cadrage serr\u00e9, claustrophobique du cin\u00e9ma expressionniste \u00e9vacue tout ce qui est superflu pour aller \u00e0 l\u2019essentiel, l\u2019homme qui doit se tenir debout malgr\u00e9 tout, sa force et ses faiblesses, ses doutes et sa d\u00e9termination, ses espoirs.<\/p>\n\n\n\n<p style=\"font-size:12px\">Le pinceau parcourt la feuille en trajectoires souples et dansantes, bifurquant parfois avec rudesse, s\u2019\u00e9loignant du droit chemin pour aller trop loin, faire trop de bruit. Il faut que ce soit musical, bruyant et fuzzy comme un riff de rock. L\u2019encre devient tache, faussement d\u00e9sinvolte mais vivante de nuances qui se m\u00e9langent librement, de pigments \u00e9chappant d\u00e9sormais \u00e0 tout contr\u00f4le. Cette peinture tr\u00e8s liquide s\u2019ach\u00e8ve sur un fil de funambule, un geste de trop et c\u2019est la chute dans le vide, l\u2019\u00e9quilibre des taches qui s\u2019effondre, le visage qui se trouble et disparait. Le papier encore humide n\u2019a plus besoin de mon intervention, l\u2019image s\u2019y imprime dans une libert\u00e9 adolescente, flirtant avec le danger. Elle se d\u00e9veloppe comme un tirage photographique dans un bain de r\u00e9v\u00e9lateur: les couleurs migrent, changent, s\u2019\u00e9claircissent ou s\u2019assombrissent.<\/p>\n\n\n\n<p style=\"font-size:12px\">Le papier alors se froisse, se gondole sous cette temp\u00eate d\u2019eau. Il se parchemine comme une peau tatou\u00e9e, rid\u00e9e, cartographie d\u2019une vie, richesse d\u2019un chemin parcouru, de cicatrices qui sont autant de triomphes.<\/p>\n<\/div>\n<\/div>\n","protected":false},"excerpt":{"rendered":"<p>Work Shika Deers Charcoal Soul Original Sin Alive &amp; Kicking Lithography I wanna be your dog Matriochkas Original Sin watercolor on paper 29,7 x 42cm&#8211; watercolor on paper 29,7 x 42cm&#8211; watercolor on paper 29,7 x 42cm&#8211; watercolor on paper 29,7 x 42cm&#8211; watercolor on paper 29,7 x 42cm&#8211; watercolor on paper 29,7 x 42cm&#8211; [&hellip;]<\/p>\n","protected":false},"author":1,"featured_media":0,"parent":0,"menu_order":0,"comment_status":"closed","ping_status":"closed","template":"","meta":{"_monsterinsights_skip_tracking":false,"_monsterinsights_sitenote_active":false,"_monsterinsights_sitenote_note":"","_monsterinsights_sitenote_category":0,"footnotes":""},"class_list":["post-173","page","type-page","status-publish","hentry"],"jetpack_sharing_enabled":true,"_links":{"self":[{"href":"https:\/\/sylvainsilleran.com\/index.php\/wp-json\/wp\/v2\/pages\/173","targetHints":{"allow":["GET"]}}],"collection":[{"href":"https:\/\/sylvainsilleran.com\/index.php\/wp-json\/wp\/v2\/pages"}],"about":[{"href":"https:\/\/sylvainsilleran.com\/index.php\/wp-json\/wp\/v2\/types\/page"}],"author":[{"embeddable":true,"href":"https:\/\/sylvainsilleran.com\/index.php\/wp-json\/wp\/v2\/users\/1"}],"replies":[{"embeddable":true,"href":"https:\/\/sylvainsilleran.com\/index.php\/wp-json\/wp\/v2\/comments?post=173"}],"version-history":[{"count":25,"href":"https:\/\/sylvainsilleran.com\/index.php\/wp-json\/wp\/v2\/pages\/173\/revisions"}],"predecessor-version":[{"id":745,"href":"https:\/\/sylvainsilleran.com\/index.php\/wp-json\/wp\/v2\/pages\/173\/revisions\/745"}],"wp:attachment":[{"href":"https:\/\/sylvainsilleran.com\/index.php\/wp-json\/wp\/v2\/media?parent=173"}],"curies":[{"name":"wp","href":"https:\/\/api.w.org\/{rel}","templated":true}]}}