{"id":21,"date":"2022-01-12T14:36:16","date_gmt":"2022-01-12T14:36:16","guid":{"rendered":"http:\/\/sylvainsilleran.com\/?page_id=21"},"modified":"2024-04-01T15:28:17","modified_gmt":"2024-04-01T15:28:17","slug":"about","status":"publish","type":"page","link":"https:\/\/sylvainsilleran.com\/index.php\/about\/","title":{"rendered":"About"},"content":{"rendered":"\n<div class=\"wp-block-columns is-layout-flex wp-container-core-columns-is-layout-9d6595d7 wp-block-columns-is-layout-flex\">\n<div class=\"wp-block-column is-layout-flow wp-block-column-is-layout-flow\">\n<h3 class=\"wp-block-heading\" id=\"expositions-1\">expositions<\/h3>\n\n\n\n<p><\/p>\n\n\n\n<p style=\"font-size:12px\">2023<\/p>\n\n\n\n<p style=\"font-size:12px\"><strong>Journ\u00e9es de l&#8217;estampe de Saint Sulpice<\/strong><\/p>\n\n\n\n<p style=\"font-size:12px\">2021 &#8211; 2023<\/p>\n\n\n\n<p style=\"font-size:12px\"><strong>Salon EXPO4ART<\/strong><\/p>\n\n\n\n<p style=\"font-size:12px\"><em>halle des Blancs Manteaux<\/em>, Paris<\/p>\n\n\n\n<p style=\"font-size:12px\">2020<\/p>\n\n\n\n<p style=\"font-size:12px\"><strong><a href=\"https:\/\/francefineart.com\/2020\/10\/02\/2993_sylvain-silleran\/\" target=\"_blank\" rel=\"noreferrer noopener\">Alive And Kicking<\/a><\/strong><\/p>\n\n\n\n<p style=\"font-size:12px\"><em>galerie du XVI\u00e9me, Paris<\/em><\/p>\n\n\n\n<p style=\"font-size:12px\">La vie, la mort, le deuil, les plumes les os et le sang..<br><a href=\"https:\/\/francefineart.com\/2020\/10\/02\/2993_sylvain-silleran\/\">voir sur France Fine Art<\/a><\/p>\n\n\n\n<p style=\"font-size:12px\">2016<\/p>\n\n\n\n<p style=\"font-size:12px\"><strong>I am your Mother<\/strong><\/p>\n\n\n\n<p style=\"font-size:12px\"><em>Espace 130, Paris<\/em><\/p>\n\n\n\n<p style=\"font-size:12px\">peinture, Eve, la m\u00e8re originelle d\u2019une l\u2019humanit\u00e9 lib\u00e9r\u00e9e de la culpabilit\u00e9, se r\u00e9appropriant le masculin et le f\u00e9minin.<\/p>\n\n\n\n<p style=\"font-size:12px\">2015<\/p>\n\n\n\n<p style=\"font-size:12px\"><strong>Soul Feathers<\/strong><\/p>\n\n\n\n<p style=\"font-size:12px\"><em>bouquinerie Oxfam, Paris<\/em><\/p>\n\n\n\n<p style=\"font-size:12px\">dessins, exploration na\u00efve des nouveaux rapports amoureux.<\/p>\n\n\n\n<p style=\"font-size:12px\"><strong>Ladies<\/strong><\/p>\n\n\n\n<p style=\"font-size:12px\"><em>Cryotep, Paris<\/em><\/p>\n\n\n\n<p style=\"font-size:12px\">la figure d\u2019Eve ou un nouveau f\u00e9minisme revisit\u00e9 par la pop culture.<\/p>\n\n\n\n<p style=\"font-size:12px\">2014<\/p>\n\n\n\n<p style=\"font-size:12px\"><strong>Soul Food<\/strong><\/p>\n\n\n\n<p style=\"font-size:12px\">F<em>rance Fine Art press &amp; gallery&nbsp;<\/em>peinture. Eve et le paradis pop\u2019 perdu<\/p>\n\n\n\n<p style=\"font-size:12px\">2013<\/p>\n\n\n\n<p style=\"font-size:12px\"><strong>Ton chat est plus cool que toi<\/strong><\/p>\n\n\n\n<p style=\"font-size:12px\"><em>Le Chat Beaut\u00e9, Paris<\/em><\/p>\n\n\n\n<p style=\"font-size:12px\">Le chat comme d\u00e9it\u00e9 contemporaine \u00e0 travers sa domination sur les cultures populaires.<\/p>\n\n\n\n<p style=\"font-size:12px\"><strong>Noodle Soup<\/strong><\/p>\n\n\n\n<p style=\"font-size:12px\"><em>La Maison des Marquises, Paris<\/em><\/p>\n\n\n\n<p style=\"font-size:12px\">Peintures sur cartons, remix d\u2019une Pop culture&nbsp;analogique<\/p>\n<\/div>\n\n\n\n<div class=\"wp-block-column is-layout-flow wp-block-column-is-layout-flow\" style=\"flex-basis:35px\">\n<p><\/p>\n<\/div>\n\n\n\n<div class=\"wp-block-column is-layout-flow wp-block-column-is-layout-flow\">\n<h3 class=\"wp-block-heading\" id=\"publications-1\">publications<\/h3>\n\n\n\n<p style=\"font-size:12px\">2019 &#8211;<\/p>\n\n\n\n<p style=\"font-size:12px\">dessins &amp; chroniques&nbsp;sur <strong>France Fine Art Gallery<\/strong><br><a rel=\"noreferrer noopener\" href=\"http:\/\/www.francefineart.com\" data-type=\"URL\" data-id=\"www.francefineart.com\" target=\"_blank\">www.francefineart.com<\/a><\/p>\n\n\n\n<p style=\"font-size:12px\">2019<\/p>\n\n\n\n<p style=\"font-size:12px\"><strong>magazine Tenou\u2019a<\/strong><br>n\u00b0178 hiver 2019-2020<\/p>\n\n\n\n<p style=\"font-size:12px\">rebels have mothers too<\/p>\n\n\n\n<p style=\"font-size:12px\">2017 &#8211; 2019<\/p>\n\n\n\n<p style=\"font-size:12px\"><strong>Lady Ketchup<\/strong><\/p>\n\n\n\n<p style=\"font-size:12px\">publication hebdomadaire dans&nbsp;dessins &amp; chroniques&nbsp;sur <strong>France Fine Art Gallery<\/strong><br><a rel=\"noreferrer noopener\" href=\"http:\/\/www.francefineart.com\" data-type=\"URL\" data-id=\"www.francefineart.com\" target=\"_blank\">www.francefineart.com<\/a><\/p>\n\n\n\n<p style=\"font-size:12px\">2014<\/p>\n\n\n\n<p style=\"font-size:12px\"><strong>L\u2019histoire illustr\u00e9e du Minotaure (en couleurs!)<br><\/strong>livre broch\u00e9 13 x 19cm, 104p.<\/p>\n\n\n\n<p style=\"font-size:12px\">2012<\/p>\n\n\n\n<p style=\"font-size:12px\"><strong>HESA inprint<\/strong><\/p>\n\n\n\n<p style=\"font-size:12px\">2 dessins sur le th\u00e8me&nbsp;\u2018riot\u2019,<br>publi\u00e9s dans le magazine HESA inprint. <br><a rel=\"noreferrer noopener\" href=\"http:\/\/hesainprint.com\/#\/artworks\/1199\" data-type=\"URL\" data-id=\"hesainprint.com\/#\/artworks\/1199\" target=\"_blank\">hesainprint.com\/#\/artworks\/1199<\/a><\/p>\n<\/div>\n<\/div>\n\n\n\n<p><\/p>\n\n\n\n<p><\/p>\n","protected":false},"excerpt":{"rendered":"<p>expositions 2023 Journ\u00e9es de l&#8217;estampe de Saint Sulpice 2021 &#8211; 2023 Salon EXPO4ART halle des Blancs Manteaux, Paris 2020 Alive And Kicking galerie du XVI\u00e9me, Paris La vie, la mort, le deuil, les plumes les os et le sang..voir sur France Fine Art 2016 I am your Mother Espace 130, Paris peinture, Eve, la m\u00e8re [&hellip;]<\/p>\n","protected":false},"author":1,"featured_media":0,"parent":0,"menu_order":0,"comment_status":"closed","ping_status":"closed","template":"","meta":{"_monsterinsights_skip_tracking":false,"_monsterinsights_sitenote_active":false,"_monsterinsights_sitenote_note":"","_monsterinsights_sitenote_category":0,"footnotes":""},"class_list":["post-21","page","type-page","status-publish","hentry"],"jetpack_sharing_enabled":true,"_links":{"self":[{"href":"https:\/\/sylvainsilleran.com\/index.php\/wp-json\/wp\/v2\/pages\/21","targetHints":{"allow":["GET"]}}],"collection":[{"href":"https:\/\/sylvainsilleran.com\/index.php\/wp-json\/wp\/v2\/pages"}],"about":[{"href":"https:\/\/sylvainsilleran.com\/index.php\/wp-json\/wp\/v2\/types\/page"}],"author":[{"embeddable":true,"href":"https:\/\/sylvainsilleran.com\/index.php\/wp-json\/wp\/v2\/users\/1"}],"replies":[{"embeddable":true,"href":"https:\/\/sylvainsilleran.com\/index.php\/wp-json\/wp\/v2\/comments?post=21"}],"version-history":[{"count":46,"href":"https:\/\/sylvainsilleran.com\/index.php\/wp-json\/wp\/v2\/pages\/21\/revisions"}],"predecessor-version":[{"id":704,"href":"https:\/\/sylvainsilleran.com\/index.php\/wp-json\/wp\/v2\/pages\/21\/revisions\/704"}],"wp:attachment":[{"href":"https:\/\/sylvainsilleran.com\/index.php\/wp-json\/wp\/v2\/media?parent=21"}],"curies":[{"name":"wp","href":"https:\/\/api.w.org\/{rel}","templated":true}]}}