{"id":73,"date":"2022-01-13T08:54:35","date_gmt":"2022-01-13T08:54:35","guid":{"rendered":"https:\/\/sylvainsilleran.com\/?page_id=73"},"modified":"2024-07-03T08:21:52","modified_gmt":"2024-07-03T08:21:52","slug":"73-2","status":"publish","type":"page","link":"https:\/\/sylvainsilleran.com\/","title":{"rendered":""},"content":{"rendered":"\n<div class=\"wp-block-columns is-layout-flex wp-container-core-columns-is-layout-9d6595d7 wp-block-columns-is-layout-flex\">\n<div class=\"wp-block-column is-layout-flow wp-block-column-is-layout-flow\">\n<h2 class=\"wp-block-heading\" id=\"side-a-1\">Side A<\/h2>\n\n\n\n<figure class=\"wp-block-image size-large\"><img loading=\"lazy\" decoding=\"async\" width=\"1024\" height=\"1024\" src=\"http:\/\/sylvainsilleran.com\/wp-content\/uploads\/2023\/12\/IMG_20230903_220213_830-1024x1024.jpg\" alt=\"\" class=\"wp-image-591\" srcset=\"https:\/\/sylvainsilleran.com\/wp-content\/uploads\/2023\/12\/IMG_20230903_220213_830-1024x1024.jpg 1024w, https:\/\/sylvainsilleran.com\/wp-content\/uploads\/2023\/12\/IMG_20230903_220213_830-300x300.jpg 300w, https:\/\/sylvainsilleran.com\/wp-content\/uploads\/2023\/12\/IMG_20230903_220213_830-150x150.jpg 150w, https:\/\/sylvainsilleran.com\/wp-content\/uploads\/2023\/12\/IMG_20230903_220213_830-768x768.jpg 768w, https:\/\/sylvainsilleran.com\/wp-content\/uploads\/2023\/12\/IMG_20230903_220213_830-1536x1536.jpg 1536w, https:\/\/sylvainsilleran.com\/wp-content\/uploads\/2023\/12\/IMG_20230903_220213_830-2048x2048.jpg 2048w\" sizes=\"auto, (max-width: 1024px) 100vw, 1024px\" \/><\/figure>\n<\/div>\n\n\n\n<div class=\"wp-block-column is-layout-flow wp-block-column-is-layout-flow\">\n<h2 class=\"wp-block-heading\" id=\"side-b-1\">Side B<\/h2>\n\n\n\n<figure class=\"wp-block-image size-full\"><img loading=\"lazy\" decoding=\"async\" width=\"1080\" height=\"1080\" src=\"http:\/\/sylvainsilleran.com\/wp-content\/uploads\/2024\/07\/Freaks01_lo.jpg\" alt=\"\" class=\"wp-image-706\" srcset=\"https:\/\/sylvainsilleran.com\/wp-content\/uploads\/2024\/07\/Freaks01_lo.jpg 1080w, https:\/\/sylvainsilleran.com\/wp-content\/uploads\/2024\/07\/Freaks01_lo-300x300.jpg 300w, https:\/\/sylvainsilleran.com\/wp-content\/uploads\/2024\/07\/Freaks01_lo-1024x1024.jpg 1024w, https:\/\/sylvainsilleran.com\/wp-content\/uploads\/2024\/07\/Freaks01_lo-150x150.jpg 150w, https:\/\/sylvainsilleran.com\/wp-content\/uploads\/2024\/07\/Freaks01_lo-768x768.jpg 768w\" sizes=\"auto, (max-width: 1080px) 100vw, 1080px\" \/><\/figure>\n<\/div>\n<\/div>\n\n\n\n<div class=\"wp-block-columns is-layout-flex wp-container-core-columns-is-layout-9d6595d7 wp-block-columns-is-layout-flex\">\n<div class=\"wp-block-column is-layout-flow wp-block-column-is-layout-flow\"><\/div>\n<\/div>\n\n\n\n<p style=\"font-size:12px\">Le dessin n\u2019est pas chose abstraite, il se trouve li\u00e9 \u00e0 son support de papier, devient un objet \u00e0 part enti\u00e8re. Comme un morceau de cuir, il porte la dimension organique, presque l\u2019odeur animale, humaine, l\u2019humilit\u00e9 de notre condition et en m\u00eame temps, magnifique, la possibilit\u00e9 de la gr\u00e2ce, l\u2019\u00e9l\u00e9vation vers le divin.<\/p>\n\n\n\n<p style=\"font-size:12px\">Tout se m\u00e9lange dans un flux acc\u00e9l\u00e9r\u00e9, rapide comme un fil Instagram. Des dessins, de la peinture, de la musique, des instantan\u00e9s pris avec un t\u00e9l\u00e9phone, trois fois rien mais la vie. La vie qu\u2019on nous promet qu\u2019elle va un jour finir par d\u00e9filer sous nos yeux tr\u00e8s vite, juste au moment ou on va partir. De l\u2019encre, du feutre, de l\u2019acrylique, un crayon de couleur, un bout de papier recoll\u00e9 ici&#8230; de la couture et du rafistolage, une urgence \u00e0 reconstruire un folklore avec des morceaux \u00e9parpill\u00e9s fa\u00e7on puzzle.&nbsp;<\/p>\n\n\n\n<p style=\"font-size:12px\">Ouf! je suis vivant! Un peu, beaucoup, passionn\u00e9ment, \u00e0 la folie, pas du tout&#8230; \u00e7a d\u00e9pend des jours.<\/p>\n\n\n\n<p style=\"font-size:12px\">L\u2019eau, le feu, le vent qui souffle et qui nous emporte, la terre humide qui nous attire comme un sexe. On y retournera bien assez t\u00f4t, pour l\u2019instant je veux m\u2019envoler heureux et triste, \u00eatre de plumes et d\u2019os. Je ne le savais pas mais je suis un shamane, je t\u00e2te le pouls de l\u2019univers, je sens cette rivi\u00e8re sans nom me traverser.&nbsp;<\/p>\n\n\n\n<p style=\"font-size:12px\">Comment construire son identit\u00e9 avec des morceaux glan\u00e9s ici et l\u00e0, vite, parce que les esprits me talonnent, je les entends d\u00e9j\u00e0 derri\u00e8re moi, leurs disputes et leurs chamailleries. A travers ce voyage au c\u0153ur de l\u2019identit\u00e9, de la culture et de la m\u00e9moire c\u2019est l\u2019homme que je cherche, l\u2019homme nu, libre, Adam, le premier, et tous les autres.<\/p>\n\n\n\n<p class=\"has-text-align-right\" style=\"font-size:12px\">Sylvain Silleran<\/p>\n","protected":false},"excerpt":{"rendered":"<p>Side A Side B Le dessin n\u2019est pas chose abstraite, il se trouve li\u00e9 \u00e0 son support de papier, devient un objet \u00e0 part enti\u00e8re. Comme un morceau de cuir, il porte la dimension organique, presque l\u2019odeur animale, humaine, l\u2019humilit\u00e9 de notre condition et en m\u00eame temps, magnifique, la possibilit\u00e9 de la gr\u00e2ce, l\u2019\u00e9l\u00e9vation vers [&hellip;]<\/p>\n","protected":false},"author":1,"featured_media":0,"parent":0,"menu_order":0,"comment_status":"closed","ping_status":"closed","template":"","meta":{"_monsterinsights_skip_tracking":false,"_monsterinsights_sitenote_active":false,"_monsterinsights_sitenote_note":"","_monsterinsights_sitenote_category":0,"footnotes":""},"class_list":["post-73","page","type-page","status-publish","hentry"],"jetpack_sharing_enabled":true,"_links":{"self":[{"href":"https:\/\/sylvainsilleran.com\/index.php\/wp-json\/wp\/v2\/pages\/73","targetHints":{"allow":["GET"]}}],"collection":[{"href":"https:\/\/sylvainsilleran.com\/index.php\/wp-json\/wp\/v2\/pages"}],"about":[{"href":"https:\/\/sylvainsilleran.com\/index.php\/wp-json\/wp\/v2\/types\/page"}],"author":[{"embeddable":true,"href":"https:\/\/sylvainsilleran.com\/index.php\/wp-json\/wp\/v2\/users\/1"}],"replies":[{"embeddable":true,"href":"https:\/\/sylvainsilleran.com\/index.php\/wp-json\/wp\/v2\/comments?post=73"}],"version-history":[{"count":30,"href":"https:\/\/sylvainsilleran.com\/index.php\/wp-json\/wp\/v2\/pages\/73\/revisions"}],"predecessor-version":[{"id":707,"href":"https:\/\/sylvainsilleran.com\/index.php\/wp-json\/wp\/v2\/pages\/73\/revisions\/707"}],"wp:attachment":[{"href":"https:\/\/sylvainsilleran.com\/index.php\/wp-json\/wp\/v2\/media?parent=73"}],"curies":[{"name":"wp","href":"https:\/\/api.w.org\/{rel}","templated":true}]}}